{"id":2512,"date":"2025-11-10T10:04:27","date_gmt":"2025-11-10T09:04:27","guid":{"rendered":"https:\/\/berlinerverlagspreis.de\/?page_id=2512"},"modified":"2025-11-10T10:05:45","modified_gmt":"2025-11-10T09:05:45","slug":"laudatio-maerz-verlag","status":"publish","type":"page","link":"https:\/\/berlinerverlagspreis.de\/?page_id=2512","title":{"rendered":"Laudatio Kraus Verlag"},"content":{"rendered":"\n<p><a href=\"http:\/\/www.berlinerverlagspreis.de#die-preistraeger\">\u2190 zur\u00fcck zur Startseite<\/a><\/p>\n\n\n\n<h2 class=\"wp-block-heading\">Laudatio auf den Kraus Verlag<\/h2>\n\n\n\n<p style=\"font-style:normal;font-weight:400\"><em>Von Nadia Budde, Mitglied der Jury des Berliner Verlagspreises 2025<\/em><\/p>\n\n\n\n<p>\u00bbEine Krake hat acht Arme, neun Gehirne und drei Herzen f\u00fcr dreifache Empathie.\u00ab \u00ad\u00ad\u00ad\u00ad\u2013 so beginnt die Vorschau auf \u00bbDas Krakentagebuch\u00ab, erschienen 2025 im Kraus Verlag.<\/p>\n\n\n\n<p>Man k\u00f6nnte sich diese orangefarbene Krake exemplarisch f\u00fcr den noch jungen Kraus Verlag vorstellen. Seit 2022 schwimmt sie durch die unendlichen Tiefen der Verlagswelt. W\u00e4hrend die neun Gehirne vermutlich noch mit Kalkulation, Konzept und Kredit besch\u00e4ftigt sind, haben sich die acht Arme bereits f\u00fchlend, tastend und sich orientierend auf eine gro\u00dfe Entdeckungsreise begeben. Schon jetzt hat sich diese Reise gelohnt, richtige Sch\u00e4tze sind gehoben worden. Es sind Bilderb\u00fccher f\u00fcr Kinder. Die Autor*innen und Illustrator*innen und \u00dcbersetzer*Innen wurden sorgf\u00e4ltig aufgesp\u00fcrt und kommen aus der ganzen Welt.<\/p>\n\n\n\n<p>In den Bilderb\u00fcchern geht es, laut Verlagsleiter Andr\u00e9 Zeugner, um \u00bbQuatsch mit Herz\u00ab. Und auch hier kommt die Anatomie der Krake zur Geltung: es handelt sich n\u00e4mlich um Quatsch mit mindestens drei Herzen. Die Empathie, selbstverst\u00e4ndlich dreifach, richtet sich an so bemitleidenswerte wie Bewunderung erzeugende Wesen wie: Schildfl\u00f6ten, Herdm\u00e4nnchen, Schmollen oder Wiesel Wiesosel und Warumsel. Auch ein Specht ist dabei, dem vom vielen Klopfen der Kopf schmerzt und dem nun alles spechtige verboten ist. Viele Tiere leben in diesen Bilderb\u00fcchern. Es sind Tiere, die genauso sind wie wir und denen wir unsere eigenen Sorgen so herzlich gern abkaufen. Aber auch Menschen treten auf, Menschen mit menschengemachten Problemen. In einer mondrianisch geometrisch-sterilen Wohnung m\u00fcht sich ein Mann mit einer nicht schnurren wollenden Katze ab. Eine Frau hetzt mit wehender M\u00e4hne durch die Gegend und wird von ihren Kindern nur als \u201cMama im Galopp wahrgenommen und mit Lisberta Nudeldudel \u00fcberlegt man, was besser w\u00e4re: Z\u00e4hne wie ein Hai oder einen Hals wie eine Giraffe zu besitzen.<\/p>\n\n\n\n<p>In den Bilderb\u00fcchern des Kraus Verlags wird beobachtet und auf spielerische, oft ironische Art die Welt erkundet. Es sind B\u00fccher die spannend, lustig und ein bisschen schr\u00e4g sind. Man k\u00f6nnte die Sprachspielereien und Wortwitze \u00bbsinnvollen Unsinn\u00ab nennen oder Quatsch mit Herz: an erster Stelle aber steht immer \u00bbdie Herzensbildung\u00ab (Andr\u00e9 Zeugner).<\/p>\n\n\n\n<p>Genau wie wir schreibt auch eine Krake Tagebuch. Konfrontiert mit den Dingen, die von Menschen achtlos ins Meer gekippt werden, begibt sie sich auf die Suche und erforscht diesen M\u00fcll. Sich wundernd, fragend und staunend schlie\u00dft sie, gemeinsam mit den Lesern, auf das Wesen der Menschen. \u00dcberhaupt ist das Wundern und Staunen, das ironische Betrachten um so vieles interessanter und geeigneter die Welt um uns herum zu erkennen, als das zeigen und erkl\u00e4ren. Denn im Wundern der Krake \u00fcber uns, erkennen wir uns und erfahren etwas \u00fcber uns.<\/p>\n\n\n\n<p>Und das haben alle Kraus-Bilderb\u00fccher gemeinsam: Statt der \u00fcberstrapazierten Mission, Kindern etwas N\u00fctzliches beizubringen, wird hier mit feinem Humor und Liebe beobacht und den Lesern die Freiheit gestatt, selbst zu erkennen und selbstst\u00e4ndig zu denken. Man muss sich nicht wundern, dass aus einem verungl\u00fcckten Vorleseabend mit dem eigenen Kind der Beschluss entstanden ist: Ich gr\u00fcnde einen Verlag und mache es, unaufgeregt und uneitel, selbst und vor allem besser.<\/p>\n\n\n\n<p>An allererster Stelle und bevor die acht Arme, die neun Gehirne und drei Herzen zum Einsatz kamen, bevor Neugier, Lust und Entdeckungsfreude ausbrachen, stand vermutlich: MUT! Der Mut, einen Verlag zu gr\u00fcnden, mit einem hohen und so simpel klingenden Anspruch, n\u00e4mlich herzensgute und lustige B\u00fccher f\u00fcr Jung und Alt zu publizieren. Im oft mainstreamigen Gew\u00e4sser der Kinderbuchverlage hat der Kraus Verlag Lust darauf, genau in die entgegengesetzte Richtung zu schwimmen.<\/p>\n\n\n\n<p>Der Kraus Verlag ist ein erstaunlich gro\u00dfartiger kleiner frecher und mutiger Verlag!<br>Tentakeln raus und Weiterschwimmen! Herzlichen Gl\u00fcckwunsch zum Berliner Verlagspreis 2025!<\/p>\n","protected":false},"excerpt":{"rendered":"<p>\u2190 zur\u00fcck zur Startseite Laudatio auf den Kraus Verlag Von Nadia Budde, Mitglied der Jury des Berliner Verlagspreises 2025 \u00bbEine Krake hat acht Arme, neun Gehirne und drei Herzen f\u00fcr dreifache Empathie.\u00ab \u00ad\u00ad\u00ad\u00ad\u2013 so beginnt die Vorschau auf \u00bbDas Krakentagebuch\u00ab, erschienen 2025 im Kraus Verlag. Man k\u00f6nnte sich diese orangefarbene Krake exemplarisch f\u00fcr den noch [&hellip;]<\/p>\n","protected":false},"author":1,"featured_media":0,"parent":0,"menu_order":0,"comment_status":"closed","ping_status":"closed","template":"","meta":{"_monsterinsights_skip_tracking":false,"_monsterinsights_sitenote_active":false,"_monsterinsights_sitenote_note":"","_monsterinsights_sitenote_category":0,"footnotes":""},"class_list":["post-2512","page","type-page","status-publish","hentry"],"blocksy_meta":{"styles_descriptor":{"styles":{"desktop":"","tablet":"","mobile":""},"google_fonts":[]}},"aioseo_notices":[],"_links":{"self":[{"href":"https:\/\/berlinerverlagspreis.de\/index.php?rest_route=\/wp\/v2\/pages\/2512","targetHints":{"allow":["GET"]}}],"collection":[{"href":"https:\/\/berlinerverlagspreis.de\/index.php?rest_route=\/wp\/v2\/pages"}],"about":[{"href":"https:\/\/berlinerverlagspreis.de\/index.php?rest_route=\/wp\/v2\/types\/page"}],"author":[{"embeddable":true,"href":"https:\/\/berlinerverlagspreis.de\/index.php?rest_route=\/wp\/v2\/users\/1"}],"replies":[{"embeddable":true,"href":"https:\/\/berlinerverlagspreis.de\/index.php?rest_route=%2Fwp%2Fv2%2Fcomments&post=2512"}],"version-history":[{"count":5,"href":"https:\/\/berlinerverlagspreis.de\/index.php?rest_route=\/wp\/v2\/pages\/2512\/revisions"}],"predecessor-version":[{"id":2520,"href":"https:\/\/berlinerverlagspreis.de\/index.php?rest_route=\/wp\/v2\/pages\/2512\/revisions\/2520"}],"wp:attachment":[{"href":"https:\/\/berlinerverlagspreis.de\/index.php?rest_route=%2Fwp%2Fv2%2Fmedia&parent=2512"}],"curies":[{"name":"wp","href":"https:\/\/api.w.org\/{rel}","templated":true}]}}