{"id":730,"date":"2018-05-07T14:11:45","date_gmt":"2018-05-07T12:11:45","guid":{"rendered":"https:\/\/berlinerverlagspreis.de\/?page_id=730"},"modified":"2026-04-16T12:59:43","modified_gmt":"2026-04-16T10:59:43","slug":"impressum","status":"publish","type":"page","link":"https:\/\/berlinerverlagspreis.de\/?page_id=730","title":{"rendered":"Impressum"},"content":{"rendered":"\n<h2 class=\"wp-block-heading\"><span style=\"color: #e41621;\">Impressum<\/span><\/h2>\n\n\n\n<p style=\"font-style:normal;font-weight:400\">Der Berliner Verlagspreis wird gemeinsam von der Senatsverwaltung f\u00fcr Wirtschaft, Energie und Betriebe sowie Kultur und Gesellschaftlichen Zusammenhalt verliehen.<\/p>\n\n\n\n<p style=\"font-style:normal;font-weight:400\">B\u00f6rsenverein des Deutschen Buchhandels<br>Landesverband Berlin-Brandenburg e.V.<br>Danckelmannstra\u00dfe 9<br>14059 Berlin<br>Telefon: 030 \u2013 26 39 18 0<\/p>\n\n\n\n<p style=\"font-style:normal;font-weight:400\"><a href=\"mailto:info@berlinerverlagspreis.de\">info@berlinerverlagspreis.de<\/a><\/p>\n\n\n\n<p><b>Haftung f\u00fcr Inhalte<\/b><\/p>\n\n\n\n<p style=\"font-style:normal;font-weight:400\">Als Diensteanbieter sind wir gem\u00e4\u00df \u00a7 7 Abs.1 TMG f\u00fcr&nbsp;eigene Inhalte auf diesen Seiten nach den allgemeinen Gesetzen verantwortlich.&nbsp;Nach \u00a7\u00a7 8 bis 10 TMG sind wir als Diensteanbieter jedoch nicht&nbsp;verpflichtet, \u00fcbermittelte oder gespeicherte fremde Informationen zu&nbsp;\u00fcberwachen oder nach Umst\u00e4nden zu forschen, die auf eine rechtswidrige&nbsp;T\u00e4tigkeit hinweisen. Verpflichtungen zur Entfernung oder Sperrung der&nbsp;Nutzung von Informationen nach den allgemeinen Gesetzen bleiben hiervon&nbsp;unber\u00fchrt. Eine diesbez\u00fcgliche Haftung ist jedoch erst ab dem&nbsp;Zeitpunkt der Kenntnis einer konkreten Rechtsverletzung m\u00f6glich. Bei&nbsp;Bekanntwerden von entsprechenden Rechtsverletzungen werden wir diese Inhalte&nbsp;umgehend entfernen.<\/p>\n\n\n\n<p><b>Haftung f\u00fcr Links<\/b><\/p>\n\n\n\n<p style=\"font-style:normal;font-weight:400\">Unser Angebot enth\u00e4lt Links zu externen Webseiten Dritter, auf deren&nbsp;Inhalte wir keinen Einfluss haben. Deshalb k\u00f6nnen wir f\u00fcr diese&nbsp;fremden Inhalte auch keine Gew\u00e4hr \u00fcbernehmen. F\u00fcr die Inhalte&nbsp;der verlinkten Seiten ist stets der jeweilige Anbieter oder Betreiber der&nbsp;Seiten verantwortlich. Die verlinkten Seiten wurden zum Zeitpunkt der Verlinkung&nbsp;auf m\u00f6gliche Rechtsverst\u00f6\u00dfe \u00fcberpr\u00fcft. Rechtswidrige&nbsp;Inhalte waren zum Zeitpunkt der Verlinkung nicht erkennbar. Eine permanente&nbsp;inhaltliche Kontrolle der verlinkten Seiten ist jedoch ohne konkrete Anhaltspunkte&nbsp;einer Rechtsverletzung nicht zumutbar. Bei Bekanntwerden von Rechtsverletzungen&nbsp;werden wir derartige Links umgehend entfernen.<\/p>\n\n\n\n<p><b>Urheberrecht<\/b><\/p>\n\n\n\n<p style=\"font-style:normal;font-weight:400\">Die durch die Seitenbetreiber erstellten Inhalte und Werke auf diesen Seiten&nbsp;unterliegen dem deutschen Urheberrecht. Die Vervielf\u00e4ltigung, Bearbeitung, Verbreitung und&nbsp;jede Art der Verwertung au\u00dferhalb der Grenzen des Urheberrechtes bed\u00fcrfen&nbsp;der schriftlichen Zustimmung des jeweiligen Autors bzw. Erstellers. Downloads&nbsp;und Kopien dieser Seite sind nur f\u00fcr den privaten, nicht kommerziellen&nbsp;Gebrauch gestattet. Soweit die Inhalte auf dieser Seite nicht vom Betreiber erstellt wurden,&nbsp;werden die Urheberrechte Dritter beachtet. Insbesondere werden Inhalte Dritter als solche&nbsp;gekennzeichnet. Sollten Sie trotzdem auf eine Urheberrechtsverletzung aufmerksam werden, bitten wir um einen entsprechenden Hinweis.&nbsp;Bei Bekanntwerden von Rechtsverletzungen werden wir derartige Inhalte umgehend entfernen. Quellverweis: <a href=\"https:\/\/www.e-recht24.de\">eRecht24<\/a><\/p>\n\n\n\n<p><strong>Fotonachweise<\/strong><\/p>\n\n\n\n<p style=\"font-style:normal;font-weight:400\">Hans-Christian Plambeck (Franziska Giffey), Anne Hufnagl (Sarah Wedl-Wilson), Nane Diehl (Philipp B\u00f6hm), privat (Nadia Budde), Robert Gommlich (Leif Greinus), David Frank (Shelly Kupferberg), privat (Janin Pr\u00e4\u00dfler), privat (Kurt von Hammerstein), Klaus Bittermann (Klaus Bittermann), privat (Julia D\u00fcrr), Johanna Hahn (Gerrit Schooff), Julia Zimmermann (Gesa Ufer), Fotostudio Neuk\u00f6lln (Julia Weis), privat (Rafa Avevedo), privat (Lucie Andritzki), privat (Lilli Anlauf), privat (Steffi B\u00f6hlmann), privat (Katharina H\u00f6\u00dfler), privat (Debbie Wallers), privat (Johann Ulrich), Heike Steinweg (Nina Bu\u00dfmann), privat (Kira Berthold), privat (Max Duhr), privat (Nicole Kiendl), Louisa Schiedek (Marlene M\u00fcn\u00dfinger), privat (Emelie Reuber), privat (Frederike Zabel), Berliner Zeitung (Cornelia Gei\u00dfler), Jo Neander (Volker Heller), Barbara Dietl (Manja Hellpap), Mathias Bothor (Christian Ruzicska), privat (Nina Wehner), Juliane Werner (Olivia Wenzel), Jan Kopetzky (Prof. Andreas Degkwitz), Klara-Emilia Kajdi (Britta J\u00fcrgs), privat (Kat Menschik), Cordula Giese (Heinrich von Berenberg), Detlef Bluhm (Ruth Klinkenberg), privat (Nadine Kreuzahler), Theresa Meschede (Kristine Listau), Menno Fahl (Caca Savic), Katja Klein (Betina M\u00fcller), Denise Sterr (Susanne Sch\u00fcssler), Deutsche Nationalbibliothek (Ute Schwens), Matthias Finckh (Gunnar Cynybulk), privat (Christiane Fritsch-Weith), Stiftung Buchkunst (Katharina Hesse), Josef Cramer (Dirk Knipphals), Reto Klar (Barbara Schneider-Kempf), Kai Senf (Elina Penner)<\/p>\n\n\n\n<figure class=\"wp-block-image\"><img decoding=\"async\" src=\"https:\/\/berlinerverlagspreis.de\/wp-content\/uploads\/2018\/05\/eu_efre_zusatz_unten_kl.jpg\" alt=\"\"\/><\/figure>\n\n\n\n<figure class=\"wp-block-image size-full is-resized\"><img loading=\"lazy\" decoding=\"async\" width=\"1701\" height=\"283\" src=\"https:\/\/berlinerverlagspreis.de\/wp-content\/uploads\/2021\/05\/Sen_WiEnBe_Logo_DE_h_p_4C.png\" alt=\"\" class=\"wp-image-1601\" style=\"width:350px\" srcset=\"https:\/\/berlinerverlagspreis.de\/wp-content\/uploads\/2021\/05\/Sen_WiEnBe_Logo_DE_h_p_4C.png 1701w, https:\/\/berlinerverlagspreis.de\/wp-content\/uploads\/2021\/05\/Sen_WiEnBe_Logo_DE_h_p_4C-300x50.png 300w, https:\/\/berlinerverlagspreis.de\/wp-content\/uploads\/2021\/05\/Sen_WiEnBe_Logo_DE_h_p_4C-1024x170.png 1024w, https:\/\/berlinerverlagspreis.de\/wp-content\/uploads\/2021\/05\/Sen_WiEnBe_Logo_DE_h_p_4C-768x128.png 768w, https:\/\/berlinerverlagspreis.de\/wp-content\/uploads\/2021\/05\/Sen_WiEnBe_Logo_DE_h_p_4C-1536x256.png 1536w\" sizes=\"auto, (max-width: 1701px) 100vw, 1701px\" \/><\/figure>\n\n\n\n<figure class=\"wp-block-image size-large is-resized\"><img loading=\"lazy\" decoding=\"async\" width=\"1024\" height=\"171\" src=\"https:\/\/berlinerverlagspreis.de\/wp-content\/uploads\/2023\/05\/B_SEN_KuGZ_Logo_DE_H_PW_4C-1024x171.png\" alt=\"\" class=\"wp-image-2025\" style=\"width:353px;height:59px\" srcset=\"https:\/\/berlinerverlagspreis.de\/wp-content\/uploads\/2023\/05\/B_SEN_KuGZ_Logo_DE_H_PW_4C-1024x171.png 1024w, https:\/\/berlinerverlagspreis.de\/wp-content\/uploads\/2023\/05\/B_SEN_KuGZ_Logo_DE_H_PW_4C-300x50.png 300w, https:\/\/berlinerverlagspreis.de\/wp-content\/uploads\/2023\/05\/B_SEN_KuGZ_Logo_DE_H_PW_4C-768x128.png 768w, https:\/\/berlinerverlagspreis.de\/wp-content\/uploads\/2023\/05\/B_SEN_KuGZ_Logo_DE_H_PW_4C-1536x256.png 1536w, https:\/\/berlinerverlagspreis.de\/wp-content\/uploads\/2023\/05\/B_SEN_KuGZ_Logo_DE_H_PW_4C-2048x342.png 2048w\" sizes=\"auto, (max-width: 1024px) 100vw, 1024px\" \/><\/figure>\n\n\n\n<figure class=\"wp-block-image size-large is-resized\"><img loading=\"lazy\" decoding=\"async\" width=\"1024\" height=\"138\" src=\"https:\/\/berlinerverlagspreis.de\/wp-content\/uploads\/2021\/10\/Logo-PZ-Sen_WiEnBe-quer-DE-Farbe-1024x138.png\" alt=\"\" class=\"wp-image-1694\" style=\"width:467px;height:63px\" srcset=\"https:\/\/berlinerverlagspreis.de\/wp-content\/uploads\/2021\/10\/Logo-PZ-Sen_WiEnBe-quer-DE-Farbe-1024x138.png 1024w, https:\/\/berlinerverlagspreis.de\/wp-content\/uploads\/2021\/10\/Logo-PZ-Sen_WiEnBe-quer-DE-Farbe-300x40.png 300w, https:\/\/berlinerverlagspreis.de\/wp-content\/uploads\/2021\/10\/Logo-PZ-Sen_WiEnBe-quer-DE-Farbe-768x103.png 768w, https:\/\/berlinerverlagspreis.de\/wp-content\/uploads\/2021\/10\/Logo-PZ-Sen_WiEnBe-quer-DE-Farbe-1536x206.png 1536w, https:\/\/berlinerverlagspreis.de\/wp-content\/uploads\/2021\/10\/Logo-PZ-Sen_WiEnBe-quer-DE-Farbe-2048x275.png 2048w\" sizes=\"auto, (max-width: 1024px) 100vw, 1024px\" \/><\/figure>\n","protected":false},"excerpt":{"rendered":"<p>Impressum Der Berliner Verlagspreis wird gemeinsam von der Senatsverwaltung f\u00fcr Wirtschaft, Energie und Betriebe sowie Kultur und Gesellschaftlichen Zusammenhalt verliehen. B\u00f6rsenverein des Deutschen BuchhandelsLandesverband Berlin-Brandenburg e.V.Danckelmannstra\u00dfe 914059 BerlinTelefon: 030 \u2013 26 39 18 0 info@berlinerverlagspreis.de Haftung f\u00fcr Inhalte Als Diensteanbieter sind wir gem\u00e4\u00df \u00a7 7 Abs.1 TMG f\u00fcr&nbsp;eigene Inhalte auf diesen Seiten nach den allgemeinen [&hellip;]<\/p>\n","protected":false},"author":1,"featured_media":0,"parent":0,"menu_order":0,"comment_status":"closed","ping_status":"closed","template":"","meta":{"_monsterinsights_skip_tracking":false,"_monsterinsights_sitenote_active":false,"_monsterinsights_sitenote_note":"","_monsterinsights_sitenote_category":0,"footnotes":""},"class_list":["post-730","page","type-page","status-publish","hentry"],"blocksy_meta":{"styles_descriptor":{"styles":{"desktop":"","tablet":"","mobile":""},"google_fonts":[]}},"aioseo_notices":[],"_links":{"self":[{"href":"https:\/\/berlinerverlagspreis.de\/index.php?rest_route=\/wp\/v2\/pages\/730","targetHints":{"allow":["GET"]}}],"collection":[{"href":"https:\/\/berlinerverlagspreis.de\/index.php?rest_route=\/wp\/v2\/pages"}],"about":[{"href":"https:\/\/berlinerverlagspreis.de\/index.php?rest_route=\/wp\/v2\/types\/page"}],"author":[{"embeddable":true,"href":"https:\/\/berlinerverlagspreis.de\/index.php?rest_route=\/wp\/v2\/users\/1"}],"replies":[{"embeddable":true,"href":"https:\/\/berlinerverlagspreis.de\/index.php?rest_route=%2Fwp%2Fv2%2Fcomments&post=730"}],"version-history":[{"count":49,"href":"https:\/\/berlinerverlagspreis.de\/index.php?rest_route=\/wp\/v2\/pages\/730\/revisions"}],"predecessor-version":[{"id":2532,"href":"https:\/\/berlinerverlagspreis.de\/index.php?rest_route=\/wp\/v2\/pages\/730\/revisions\/2532"}],"wp:attachment":[{"href":"https:\/\/berlinerverlagspreis.de\/index.php?rest_route=%2Fwp%2Fv2%2Fmedia&parent=730"}],"curies":[{"name":"wp","href":"https:\/\/api.w.org\/{rel}","templated":true}]}}